{"id":4345,"date":"2017-09-20T10:23:44","date_gmt":"2017-09-20T10:23:44","guid":{"rendered":"http:\/\/www.irudinet.com\/ztb\/\/hitzaldiak\/"},"modified":"2025-09-25T21:30:35","modified_gmt":"2025-09-25T21:30:35","slug":"conferencias","status":"publish","type":"page","link":"http:\/\/ztbergara.eus\/es\/conferencias\/","title":{"rendered":"Conferencias"},"content":{"rendered":"<p>[vc_row][vc_column][vc_text_separator title=&#8221;CONFERENCIAS 2025&#8243;][\/vc_column][\/vc_row][vc_row][vc_column]<div class=\"wpmp-clear\"><\/div><div class=\"flownews-vc-element-posts flownews-load-more-type4 flownews-posts-type4 flownews-vc-posts-3-col flownews-vc-element-posts-1 element-no-padding\"><div class=\"flownews-vc-element-posts-article-container\"><article class=\"item-posts first-element-posts col-xs-4 flownews-item-load-more-type4 vc-element-post-odd\"><div class=\"article-image\"><a href=\"http:\/\/ztbergara.eus\/es\/la-quimica-de-las-ideas-el-ultimo-limite-del-universo-quimico-2\/\"><img class=\"flownews-vc-thumbs\" src=\"http:\/\/ztbergara.eus\/wp-content\/uploads\/2025\/10\/kimika-446x248.jpg\" alt=\"La Qu\u00edmica de las Ideas. El \u00faltimo l\u00edmite del universo qu\u00edmico\"><\/a><div class=\"article-category\"><a href=\"http:\/\/ztbergara.eus\/es\/category\/actividades-principales\/\" title=\"View all posts in Actividades principales\">Actividades principales<\/a>\n\t\t\t\t\t<a href=\"http:\/\/ztbergara.eus\/es\/la-quimica-de-las-ideas-el-ultimo-limite-del-universo-quimico-2\/\"><i class=\"flownewsicon fa-mail-forward\"><\/i><\/a>\n\t\t\t\t\t<\/div><\/div><div class=\"article-info\"><div class=\"article-info-top\"><div class=\"article-data\"><i class=\"flownewsicon fa-calendar-o\"><\/i>Octubre 17, 2025<\/div><div class=\"article-separator\">|<\/div><div class=\"article-comments\"><i class=\"flownewsicon fa-comment-o\"><\/i>No Comments<\/div><div class=\"flownews-clear\"><\/div><\/div><div class=\"article-info-bottom\"><h3 class=\"article-title\"><a href=\"http:\/\/ztbergara.eus\/es\/la-quimica-de-las-ideas-el-ultimo-limite-del-universo-quimico-2\/\">La Qu\u00edmica de las Ideas. El \u00faltimo l\u00edmite del universo qu\u00edmico<\/a><\/h3><p class=\"article-excerpt\">[vc_row][vc_column width=&#8221;1\/2&#8243;][vc_message]Ponente: Jes\u00fas Mar\u00eda Ugalde Uribe-Etxebarria Hora: 10:00 Idioma: Euskera P\u00fablico: General [\/<a class=\"article-read-more\" href=\"http:\/\/ztbergara.eus\/es\/la-quimica-de-las-ideas-el-ultimo-limite-del-universo-quimico-2\/\"><i class=\"flownewsicon fa-angle-double-right\"><\/i><\/a><\/p><div class=\"flownews-clear\"><\/div><\/div><\/div><\/article><article class=\"item-posts first-element-posts col-xs-4 flownews-item-load-more-type4 vc-element-post-even\"><div class=\"article-image\"><a href=\"http:\/\/ztbergara.eus\/es\/jovenes-investigadoras\/\"><img class=\"flownews-vc-thumbs\" src=\"http:\/\/ztbergara.eus\/wp-content\/uploads\/2021\/10\/fisica-cuantica-446x248.jpg\" alt=\"J\u00f3venes investigadoras\"><\/a><div class=\"article-category\"><a href=\"http:\/\/ztbergara.eus\/es\/category\/actividades-principales\/\" title=\"View all posts in Actividades principales\">Actividades principales<\/a>\n\t\t\t\t\t<a href=\"http:\/\/ztbergara.eus\/es\/jovenes-investigadoras\/\"><i class=\"flownewsicon fa-mail-forward\"><\/i><\/a>\n\t\t\t\t\t<\/div><\/div><div class=\"article-info\"><div class=\"article-info-top\"><div class=\"article-data\"><i class=\"flownewsicon fa-calendar-o\"><\/i>Octubre 10, 2025<\/div><div class=\"article-separator\">|<\/div><div class=\"article-comments\"><i class=\"flownewsicon fa-comment-o\"><\/i>No Comments<\/div><div class=\"flownews-clear\"><\/div><\/div><div class=\"article-info-bottom\"><h3 class=\"article-title\"><a href=\"http:\/\/ztbergara.eus\/es\/jovenes-investigadoras\/\">J\u00f3venes investigadoras<\/a><\/h3><p class=\"article-excerpt\">[vc_row][vc_column width=&#8221;1\/2&#8243;][vc_message]Ponente: Ane Blazquez Cuando: 19 de noviembre Hora: 10:00 Idioma: Euskera P\u00fablico: General[\/vc<a class=\"article-read-more\" href=\"http:\/\/ztbergara.eus\/es\/jovenes-investigadoras\/\"><i class=\"flownewsicon fa-angle-double-right\"><\/i><\/a><\/p><div class=\"flownews-clear\"><\/div><\/div><\/div><\/article><article class=\"item-posts first-element-posts col-xs-4 flownews-item-load-more-type4 vc-element-post-odd\"><div class=\"article-image\"><a href=\"http:\/\/ztbergara.eus\/es\/la-quimica-de-las-ideas-el-ultimo-limite-del-universo-quimico\/\"><img class=\"flownews-vc-thumbs\" src=\"http:\/\/ztbergara.eus\/wp-content\/uploads\/2025\/10\/kimika-446x248.jpg\" alt=\"La Qu\u00edmica de las Ideas. El \u00faltimo l\u00edmite del universo qu\u00edmico\"><\/a><div class=\"article-category\"><a href=\"http:\/\/ztbergara.eus\/es\/category\/actividades-principales\/\" title=\"View all posts in Actividades principales\">Actividades principales<\/a>\n\t\t\t\t\t<a href=\"http:\/\/ztbergara.eus\/es\/la-quimica-de-las-ideas-el-ultimo-limite-del-universo-quimico\/\"><i class=\"flownewsicon fa-mail-forward\"><\/i><\/a>\n\t\t\t\t\t<\/div><\/div><div class=\"article-info\"><div class=\"article-info-top\"><div class=\"article-data\"><i class=\"flownewsicon fa-calendar-o\"><\/i>Septiembre 22, 2025<\/div><div class=\"article-separator\">|<\/div><div class=\"article-comments\"><i class=\"flownewsicon fa-comment-o\"><\/i>No Comments<\/div><div class=\"flownews-clear\"><\/div><\/div><div class=\"article-info-bottom\"><h3 class=\"article-title\"><a href=\"http:\/\/ztbergara.eus\/es\/la-quimica-de-las-ideas-el-ultimo-limite-del-universo-quimico\/\">La Qu\u00edmica de las Ideas. El \u00faltimo l\u00edmite del universo qu\u00edmico<\/a><\/h3><p class=\"article-excerpt\">[vc_row][vc_column width=&#8221;1\/2&#8243;][vc_message]FECHA: 12 de noviembre HORA: 10:00 LUGAR:\u00a0 Seminarixoa IDIOMA: Euskara P\u00daBLICO: General[\/vc_m<a class=\"article-read-more\" href=\"http:\/\/ztbergara.eus\/es\/la-quimica-de-las-ideas-el-ultimo-limite-del-universo-quimico\/\"><i class=\"flownewsicon fa-angle-double-right\"><\/i><\/a><\/p><div class=\"flownews-clear\"><\/div><\/div><\/div><\/article><div class=\"flownews-clear\"><\/div><article class=\"item-posts first-element-posts col-xs-4 flownews-item-load-more-type4 vc-element-post-even\"><div class=\"article-image\"><a href=\"http:\/\/ztbergara.eus\/es\/la-quimica-de-los-colores\/\"><img class=\"flownews-vc-thumbs\" src=\"http:\/\/ztbergara.eus\/wp-content\/uploads\/2025\/09\/quimica-colores-446x248.jpg\" alt=\"La Qu\u00edmica de los Colores\"><\/a><div class=\"article-category\"><a href=\"http:\/\/ztbergara.eus\/es\/category\/actividades-principales\/\" title=\"View all posts in Actividades principales\">Actividades principales<\/a>\n\t\t\t\t\t<a href=\"http:\/\/ztbergara.eus\/es\/la-quimica-de-los-colores\/\"><i class=\"flownewsicon fa-mail-forward\"><\/i><\/a>\n\t\t\t\t\t<\/div><\/div><div class=\"article-info\"><div class=\"article-info-top\"><div class=\"article-data\"><i class=\"flownewsicon fa-calendar-o\"><\/i>Septiembre 22, 2025<\/div><div class=\"article-separator\">|<\/div><div class=\"article-comments\"><i class=\"flownewsicon fa-comment-o\"><\/i>No Comments<\/div><div class=\"flownews-clear\"><\/div><\/div><div class=\"article-info-bottom\"><h3 class=\"article-title\"><a href=\"http:\/\/ztbergara.eus\/es\/la-quimica-de-los-colores\/\">La Qu\u00edmica de los Colores<\/a><\/h3><p class=\"article-excerpt\">[vc_row][vc_column width=&#8221;1\/2&#8243;][vc_message]FECHA: 10 de noviembre HORA: 10:00 IDIOMA: Euskera LUGAR: Seminarixoa P\u00daBLICO: General[\/vc_mes<a class=\"article-read-more\" href=\"http:\/\/ztbergara.eus\/es\/la-quimica-de-los-colores\/\"><i class=\"flownewsicon fa-angle-double-right\"><\/i><\/a><\/p><div class=\"flownews-clear\"><\/div><\/div><\/div><\/article><article class=\"item-posts first-element-posts col-xs-4 flownews-item-load-more-type4 vc-element-post-odd\"><div class=\"article-image\"><a href=\"http:\/\/ztbergara.eus\/es\/explorando-la-materia-atomo-a-atomo\/\"><img class=\"flownews-vc-thumbs\" src=\"http:\/\/ztbergara.eus\/wp-content\/uploads\/2025\/09\/Sara-Barja-Martinez.jpg\" alt=\"Explorando la materia \u00e1tomo a \u00e1tomo\"><\/a><div class=\"article-category\"><a href=\"http:\/\/ztbergara.eus\/es\/category\/actividades-principales\/\" title=\"View all posts in Actividades principales\">Actividades principales<\/a>\n\t\t\t\t\t<a href=\"http:\/\/ztbergara.eus\/es\/explorando-la-materia-atomo-a-atomo\/\"><i class=\"flownewsicon fa-mail-forward\"><\/i><\/a>\n\t\t\t\t\t<\/div><\/div><div class=\"article-info\"><div class=\"article-info-top\"><div class=\"article-data\"><i class=\"flownewsicon fa-calendar-o\"><\/i>Septiembre 22, 2025<\/div><div class=\"article-separator\">|<\/div><div class=\"article-comments\"><i class=\"flownewsicon fa-comment-o\"><\/i>No Comments<\/div><div class=\"flownews-clear\"><\/div><\/div><div class=\"article-info-bottom\"><h3 class=\"article-title\"><a href=\"http:\/\/ztbergara.eus\/es\/explorando-la-materia-atomo-a-atomo\/\">Explorando la materia \u00e1tomo a \u00e1tomo<\/a><\/h3><p class=\"article-excerpt\">[vc_row][vc_column width=&#8221;1\/2&#8243;][vc_message]FECHA: 5 de noviembre HORA: 10:00 LUGAR: Seminarixoa IDIOMA: Castellano P\u00daBLICO: General[\/vc_m<a class=\"article-read-more\" href=\"http:\/\/ztbergara.eus\/es\/explorando-la-materia-atomo-a-atomo\/\"><i class=\"flownewsicon fa-angle-double-right\"><\/i><\/a><\/p><div class=\"flownews-clear\"><\/div><\/div><\/div><\/article><article class=\"item-posts first-element-posts col-xs-4 flownews-item-load-more-type4 vc-element-post-even\"><div class=\"article-image\"><a href=\"http:\/\/ztbergara.eus\/es\/surfeando-la-ola-de-la-cuantica\/\"><img class=\"flownews-vc-thumbs\" src=\"http:\/\/ztbergara.eus\/wp-content\/uploads\/2025\/09\/fifica-cuantica-446x248.jpg\" alt=\"Surfeando la ola de la cu\u00e1ntica\"><\/a><div class=\"article-category\"><a href=\"http:\/\/ztbergara.eus\/es\/category\/actividades-principales\/\" title=\"View all posts in Actividades principales\">Actividades principales<\/a>\n\t\t\t\t\t<a href=\"http:\/\/ztbergara.eus\/es\/surfeando-la-ola-de-la-cuantica\/\"><i class=\"flownewsicon fa-mail-forward\"><\/i><\/a>\n\t\t\t\t\t<\/div><\/div><div class=\"article-info\"><div class=\"article-info-top\"><div class=\"article-data\"><i class=\"flownewsicon fa-calendar-o\"><\/i>Septiembre 22, 2025<\/div><div class=\"article-separator\">|<\/div><div class=\"article-comments\"><i class=\"flownewsicon fa-comment-o\"><\/i>No Comments<\/div><div class=\"flownews-clear\"><\/div><\/div><div class=\"article-info-bottom\"><h3 class=\"article-title\"><a href=\"http:\/\/ztbergara.eus\/es\/surfeando-la-ola-de-la-cuantica\/\">Surfeando la ola de la cu\u00e1ntica<\/a><\/h3><p class=\"article-excerpt\">[vc_row][vc_column width=&#8221;1\/2&#8243;][vc_message]FECHA: 3 de noviembre HORA: 10:00 IDIOMA: Euskera LUGAR: Seminarixoa P\u00daBLICO: General[\/vc_mess<a class=\"article-read-more\" href=\"http:\/\/ztbergara.eus\/es\/surfeando-la-ola-de-la-cuantica\/\"><i class=\"flownewsicon fa-angle-double-right\"><\/i><\/a><\/p><div class=\"flownews-clear\"><\/div><\/div><\/div><\/article><div class=\"flownews-clear\"><\/div><\/div><div class=\"flownews-clear\"><\/div><\/div>[\/vc_column][\/vc_row][vc_row][vc_column][vc_single_image image=&#8221;5601&#8243; img_size=&#8221;full&#8221; alignment=&#8221;center&#8221; css=&#8221;.vc_custom_1603213389581{margin-top: 50px !important;}&#8221;][vc_single_image image=&#8221;8303&#8243; img_size=&#8221;full&#8221; alignment=&#8221;center&#8221; css=&#8221;.vc_custom_1758835800580{margin-top: 50px !important;}&#8221;][\/vc_column][\/vc_row]<\/p>\n","protected":false},"excerpt":{"rendered":"<p>[vc_row][vc_column][vc_text_separator title=&#8221;CONFERENCIAS 2025&#8243;][\/vc_column][\/vc_row][vc_row][vc_column][\/vc_column][\/vc_row][vc_row][vc_column][vc_single_image image=&#8221;5601&#8243; img_size=&#8221;full&#8221; alignment=&#8221;center&#8221; css=&#8221;.vc_custom_1603213389581{margin-top: 50px !important;}&#8221;][vc_single_image image=&#8221;8303&#8243; img_size=&#8221;full&#8221; alignment=&#8221;center&#8221; css=&#8221;.vc_custom_1758835800580{margin-top: 50px !important;}&#8221;][\/vc_column][\/vc_row]<\/p>\n","protected":false},"author":1,"featured_media":0,"parent":0,"menu_order":0,"comment_status":"closed","ping_status":"closed","template":"","meta":[],"aioseo_notices":[],"_links":{"self":[{"href":"http:\/\/ztbergara.eus\/es\/wp-json\/wp\/v2\/pages\/4345"}],"collection":[{"href":"http:\/\/ztbergara.eus\/es\/wp-json\/wp\/v2\/pages"}],"about":[{"href":"http:\/\/ztbergara.eus\/es\/wp-json\/wp\/v2\/types\/page"}],"author":[{"embeddable":true,"href":"http:\/\/ztbergara.eus\/es\/wp-json\/wp\/v2\/users\/1"}],"replies":[{"embeddable":true,"href":"http:\/\/ztbergara.eus\/es\/wp-json\/wp\/v2\/comments?post=4345"}],"version-history":[{"count":17,"href":"http:\/\/ztbergara.eus\/es\/wp-json\/wp\/v2\/pages\/4345\/revisions"}],"predecessor-version":[{"id":8351,"href":"http:\/\/ztbergara.eus\/es\/wp-json\/wp\/v2\/pages\/4345\/revisions\/8351"}],"wp:attachment":[{"href":"http:\/\/ztbergara.eus\/es\/wp-json\/wp\/v2\/media?parent=4345"}],"curies":[{"name":"wp","href":"https:\/\/api.w.org\/{rel}","templated":true}]}}