{"id":6156,"date":"2021-10-27T17:26:21","date_gmt":"2021-10-27T17:26:21","guid":{"rendered":"http:\/\/www.irudinet.com\/ztb\/\/?page_id=6156"},"modified":"2021-10-27T17:27:10","modified_gmt":"2021-10-27T17:27:10","slug":"txetxu-ausin-la-privacidad-es-poder","status":"publish","type":"page","link":"http:\/\/ztbergara.eus\/es\/txetxu-ausin-la-privacidad-es-poder\/","title":{"rendered":"Txetxu Ausin: \u201cLa privacidad es poder\u201d"},"content":{"rendered":"<p>El doctor en Filosof\u00eda Txetxu Ausin ha hablado sobre \u00e9tica y el control de las tecnolog\u00edas de progreso. Ausin es cient\u00edfico titular del Instituto de Filosof\u00eda del CSIC (GEA, Grupo de \u00c9tica Aplicada). Tambi\u00e9n es profesor invitado en varias universidades y colaborador en el Instituto de Gobernanza Democr\u00e1tica Globernance.<\/p>\n<p>Los j\u00f3venes y los miembros de Goienagusi han sido los principales oyentes, ya que el objetivo de los organizadores de las jornadas es tambi\u00e9n fomentar la relaci\u00f3n intergeneracional.<\/p>\n<p>Ausin ha ofrecido una conferencia sobre \u201cRob\u00f3tica Inclusiva e Inteligencia Artificial para el bien de toda la comunidad: reto \u00e9tico\u201d y ha reflexionado sobre el control de los avances tecnol\u00f3gicos y ha destacado que el aspecto \u00e9tico de estas tecnolog\u00edas es un tema a tener muy en cuenta. El control automatizado realiza diariamente una gran acumulaci\u00f3n de datos con informaci\u00f3n muy valiosa. Por eso ha defendido que velar por la privacidad personal es un tesoro. \u201cLa privacidad es poder\u201d, seg\u00fan el profesor, porque una tiene que protegerse porque en este tema no hay \u00e1rbitros.<br \/>\nAus\u00edn ha insistido en que la responsabilidad de este control deber\u00eda recaer en las instituciones p\u00fablicas, debido a la falta de control de dicha informaci\u00f3n existente en la actualidad.<\/p>\n<p>Los oyentes han expresado su preocupaci\u00f3n a trav\u00e9s de preguntas sobre los sistemas robotizados que se han empezado a aplicar para el cuidado de las personas mayores.<\/p>\n<p><iframe loading=\"lazy\" title=\"YouTube video player\" src=\"https:\/\/www.youtube.com\/embed\/UqhUJjlEpE4\" width=\"560\" height=\"315\" frameborder=\"0\" allowfullscreen=\"allowfullscreen\"><\/iframe><\/p>\n<p>&nbsp;<\/p>\n<p>Pasado ma\u00f1ana, d\u00eda 29, la sala Aroztegia acoger\u00e1 la inauguraci\u00f3n de la exposici\u00f3n Ilustraciencia 7.<\/p>\n","protected":false},"excerpt":{"rendered":"<p>El doctor en Filosof\u00eda Txetxu Ausin ha hablado sobre \u00e9tica y el control de las tecnolog\u00edas de progreso. Ausin es cient\u00edfico titular del Instituto de Filosof\u00eda del CSIC (GEA, Grupo de \u00c9tica Aplicada). Tambi\u00e9n es profesor invitado en varias universidades y colaborador en el Instituto de Gobernanza Democr\u00e1tica Globernance. Los j\u00f3venes y los miembros de<a class=\"article-read-more\" href=\"http:\/\/ztbergara.eus\/es\/txetxu-ausin-la-privacidad-es-poder\/\"><i class=\"flownewsicon fa-angle-double-right\"><\/i><\/a><\/p>\n","protected":false},"author":1,"featured_media":6157,"parent":0,"menu_order":0,"comment_status":"closed","ping_status":"closed","template":"","meta":[],"aioseo_notices":[],"_links":{"self":[{"href":"http:\/\/ztbergara.eus\/es\/wp-json\/wp\/v2\/pages\/6156"}],"collection":[{"href":"http:\/\/ztbergara.eus\/es\/wp-json\/wp\/v2\/pages"}],"about":[{"href":"http:\/\/ztbergara.eus\/es\/wp-json\/wp\/v2\/types\/page"}],"author":[{"embeddable":true,"href":"http:\/\/ztbergara.eus\/es\/wp-json\/wp\/v2\/users\/1"}],"replies":[{"embeddable":true,"href":"http:\/\/ztbergara.eus\/es\/wp-json\/wp\/v2\/comments?post=6156"}],"version-history":[{"count":2,"href":"http:\/\/ztbergara.eus\/es\/wp-json\/wp\/v2\/pages\/6156\/revisions"}],"predecessor-version":[{"id":6159,"href":"http:\/\/ztbergara.eus\/es\/wp-json\/wp\/v2\/pages\/6156\/revisions\/6159"}],"wp:featuredmedia":[{"embeddable":true,"href":"http:\/\/ztbergara.eus\/es\/wp-json\/wp\/v2\/media\/6157"}],"wp:attachment":[{"href":"http:\/\/ztbergara.eus\/es\/wp-json\/wp\/v2\/media?parent=6156"}],"curies":[{"name":"wp","href":"https:\/\/api.w.org\/{rel}","templated":true}]}}