{"id":7830,"date":"2023-11-15T11:08:47","date_gmt":"2023-11-15T11:08:47","guid":{"rendered":"https:\/\/ztbergara.eus\/cookie-politika\/"},"modified":"2023-11-15T11:11:53","modified_gmt":"2023-11-15T11:11:53","slug":"cookie-politika","status":"publish","type":"page","link":"http:\/\/ztbergara.eus\/es\/cookie-politika\/","title":{"rendered":"Pol\u00edtica de Cookies"},"content":{"rendered":"<p>[vc_row][vc_column][vc_column_text]<strong><u>Pol\u00edtica de Cookies<\/u><\/strong><\/p>\n<p><strong>\u00bfQu\u00e9 es una cookie?<\/strong><\/p>\n<p>Una cookie es un archivo inform\u00e1tico que un servidor web puede procesar en el dispositivo (ordenador, tel\u00e9fono, etc.) con el que se conecta el usuario, con el fin de reconocer sus caracter\u00edsticas y\/o preferencias cuando se vuelva a conectar y\/o de facilitar el uso y la navegaci\u00f3n por el sitio web, aportando diversas ventajas en la prestaci\u00f3n de servicios interactivos. Las cookies se utilizan, entre otras finalidades, para gestionar la sesi\u00f3n del usuario (por ejemplo, reduciendo el n\u00famero de veces que tiene que incluir su contrase\u00f1a) o para adecuar los contenidos de un sitio web a sus preferencias (por ejemplo, idioma). Las cookies pueden ser de \u201csesi\u00f3n\u201d, por lo que se borrar\u00e1n una vez el usuario abandone el sitio web que las gener\u00f3 o \u201cpersistentes\u201d, que permanecen en su dispositivo hasta una fecha determinada.<\/p>\n<p><strong>\u00bfQu\u00e9 tipo de cookies utiliza este sitio web?<\/strong><\/p>\n<p>Este sitio web utiliza diferentes tipos de cookies, con las finalidades que se detallan a continuaci\u00f3n:<\/p>\n<p><u>Cookies de personalizaci\u00f3n<\/u>: permiten al usuario acceder al servicio con algunas caracter\u00edsticas de car\u00e1cter general predefinidas en funci\u00f3n de una serie de criterios en el terminal de la persona usuaria (por ejemplo, el idioma del sitio web).<\/p>\n<p><u>Cookies de an\u00e1lisis<\/u>: permiten el seguimiento y an\u00e1lisis del comportamiento de los usuarios del sitio web. La informaci\u00f3n recogida mediante este tipo de cookies se utiliza en la medici\u00f3n de la actividad del sitio web, con el fin de introducir mejoras en funci\u00f3n del an\u00e1lisis de los datos de uso que hacen los usuarios (por ejemplo, Google Analytics).<\/p>\n<p><strong>Cookies utilizadas en este sitio web<\/strong><\/p>\n<table>\n<tbody>\n<tr>\n<td width=\"139\">Cookie<\/td>\n<td width=\"130\">Duraci\u00f3n<\/td>\n<td width=\"189\">Tipo<\/td>\n<td width=\"269\">Finalidad<\/td>\n<\/tr>\n<tr>\n<td width=\"139\">pll_language<\/td>\n<td width=\"130\">Un a\u00f1o<\/td>\n<td width=\"189\">Propia de la sesi\u00f3n de la persona usuaria<\/td>\n<td width=\"269\">Selecci\u00f3n de idioma<\/td>\n<\/tr>\n<tr>\n<td width=\"139\">_ga<\/td>\n<td width=\"130\">2 a\u00f1os<\/td>\n<td width=\"189\">De Tercero (Google Analytics)<\/td>\n<td width=\"269\">Distinguir a los usuarios del sitio web, asign\u00e1ndoles un identificador \u00fanico aleatorio<\/td>\n<\/tr>\n<tr>\n<td width=\"139\">_gat<\/td>\n<td width=\"130\">1-10 minutos<\/td>\n<td width=\"189\">De Tercero (Google Analytics)<\/td>\n<td width=\"269\">Limitar las solicitudes al sitio web, regular los env\u00edos de datos a Google Analytics<\/td>\n<\/tr>\n<tr>\n<td width=\"139\">_gid<\/td>\n<td width=\"130\">24 horas<\/td>\n<td width=\"189\">De Tercero (Google Analytics)<\/td>\n<td width=\"269\">Distinguir a los usuarios del sitio web, asign\u00e1ndoles un identificador \u00fanico aleatorio<\/td>\n<\/tr>\n<\/tbody>\n<\/table>\n<p>&nbsp;<\/p>\n<p><strong>\u00bfC\u00f3mo se pueden desactivar o eliminar las cookies?<\/strong><\/p>\n<p>El usuario, si lo desea, pueda desactivar y\/o eliminar las cookies. Como informaci\u00f3n adicional al usuario, aportamos d\u00f3nde puede encontrar la configuraci\u00f3n para el tratamiento de cookies en algunos de los principales navegadores:<\/p>\n<p>Google Chrome: Configuraci\u00f3n\\ Configuraci\u00f3n Avanzada\\ Configuraci\u00f3n de Contenido\\<\/p>\n<p>Microsoft Internet Explorer: Configuraci\u00f3n\\ Privacidad y Seguridad\\<\/p>\n<p>Mozilla Firefox: Opciones\\ Privacidad y Seguridad\\<\/p>\n<p>Apple Safari: Preferencias\\ Privacidad\\[\/vc_column_text][\/vc_column][\/vc_row]<\/p>\n","protected":false},"excerpt":{"rendered":"<p>[vc_row][vc_column][vc_column_text]Pol\u00edtica de Cookies \u00bfQu\u00e9 es una cookie? Una cookie es un archivo inform\u00e1tico que un servidor web puede procesar en el dispositivo (ordenador, tel\u00e9fono, etc.) con el que se conecta el usuario, con el fin de reconocer sus caracter\u00edsticas y\/o preferencias cuando se vuelva a conectar y\/o de facilitar el uso y la navegaci\u00f3n por<a class=\"article-read-more\" href=\"http:\/\/ztbergara.eus\/es\/cookie-politika\/\"><i class=\"flownewsicon fa-angle-double-right\"><\/i><\/a><\/p>\n","protected":false},"author":1,"featured_media":0,"parent":0,"menu_order":0,"comment_status":"closed","ping_status":"closed","template":"","meta":[],"aioseo_notices":[],"_links":{"self":[{"href":"http:\/\/ztbergara.eus\/es\/wp-json\/wp\/v2\/pages\/7830"}],"collection":[{"href":"http:\/\/ztbergara.eus\/es\/wp-json\/wp\/v2\/pages"}],"about":[{"href":"http:\/\/ztbergara.eus\/es\/wp-json\/wp\/v2\/types\/page"}],"author":[{"embeddable":true,"href":"http:\/\/ztbergara.eus\/es\/wp-json\/wp\/v2\/users\/1"}],"replies":[{"embeddable":true,"href":"http:\/\/ztbergara.eus\/es\/wp-json\/wp\/v2\/comments?post=7830"}],"version-history":[{"count":1,"href":"http:\/\/ztbergara.eus\/es\/wp-json\/wp\/v2\/pages\/7830\/revisions"}],"predecessor-version":[{"id":7831,"href":"http:\/\/ztbergara.eus\/es\/wp-json\/wp\/v2\/pages\/7830\/revisions\/7831"}],"wp:attachment":[{"href":"http:\/\/ztbergara.eus\/es\/wp-json\/wp\/v2\/media?parent=7830"}],"curies":[{"name":"wp","href":"https:\/\/api.w.org\/{rel}","templated":true}]}}