{"id":7832,"date":"2023-11-15T11:07:35","date_gmt":"2023-11-15T11:07:35","guid":{"rendered":"https:\/\/ztbergara.eus\/pribatutasun-politika\/"},"modified":"2023-11-15T11:13:15","modified_gmt":"2023-11-15T11:13:15","slug":"politica-de-privacidad","status":"publish","type":"page","link":"http:\/\/ztbergara.eus\/es\/politica-de-privacidad\/","title":{"rendered":"Pol\u00edtica de Privacidad"},"content":{"rendered":"<p>[vc_row][vc_column][vc_column_text]<\/p>\n<ol>\n<li><strong><u>Pol\u00edtica de Privacidad \u2013 Protecci\u00f3n de datos Personales<\/u><\/strong><\/li>\n<\/ol>\n<ol>\n<li style=\"list-style-type: none;\">\n<ol>\n<li><strong>\u00a0\u00a0\u00a0<u>Introducci\u00f3n<\/u><\/strong><\/li>\n<\/ol>\n<\/li>\n<\/ol>\n<p>En cumplimiento de la normativa sobre Protecci\u00f3n de Datos Personales, se informa a los usuarios que los datos personales que faciliten mediante correo electr\u00f3nico, enviados a trav\u00e9s de formularios o por cualquier otro medio ubicado en este sitio web ser\u00e1n incorporados a sistemas de tratamiento de datos de BERGARAKO UDALA., Responsable del Tratamiento (NIF: P2007900J), con la finalidad de atender a las consultas y solicitudes recibidas, contactar con usted, gestionar los productos y servicios solicitados, las relaciones comerciales y las funciones e intereses leg\u00edtimos propios de su actividad, as\u00ed como para el env\u00edo de los boletines y noticias a los que se haya podido suscribir y para el env\u00edo de futuras comunicaciones informativas y comerciales que pudieran ser de su inter\u00e9s.<\/p>\n<p>La aceptaci\u00f3n de estas condiciones conlleva necesariamente la autorizaci\u00f3n expresa para los tratamientos de datos descritos, pudiendo ser conservados sin limitaci\u00f3n en el tiempo para las finalidades descritas en esta Pol\u00edtica de Privacidad, a no ser que usted indique lo contrario. La base jur\u00eddica del tratamiento es, en los t\u00e9rminos establecidos por la normativa sobre protecci\u00f3n de datos, su consentimiento para el tratamiento de los datos, la necesidad del tratamiento de sus datos para la transacci\u00f3n de los bienes y servicios solicitados por usted, el cumplimiento de obligaciones legales por parte del Responsable del Tratamiento, y\/o el inter\u00e9s leg\u00edtimo del Responsable del Tratamiento, por ejemplo, a efectos de enviarle comunicaciones comerciales (\u201cmercadotecnia directa\u201d) o informativas.<\/p>\n<p>El tratamiento de sus datos personales se realizar\u00e1 de manera confidencial. BERGARAKO UDALA est\u00e1 comprometida con la privacidad y la protecci\u00f3n de los datos personales de los usuarios y utiliza sus recursos para garantizar la seguridad y privacidad de los interesados.<\/p>\n<ol>\n<li style=\"list-style-type: none;\">\n<ol>\n<li><strong>\u00a0\u00a0\u00a0<u>Recogida de datos personales<\/u><\/strong><\/li>\n<\/ol>\n<\/li>\n<\/ol>\n<p>El Responsable del Tratamiento\u00a0recoger\u00e1 los datos personales de manera adecuada, pertinente seg\u00fan las finalidades, utilidades, servicios y\/o prestaciones incluidas en su web, de forma expl\u00edcita y leg\u00edtima, por lo que en ning\u00fan caso se emplear\u00e1n medios fraudulentos, desleales o il\u00edcitos o que en alguna forma pongan en peligro los leg\u00edtimos derechos de los usuarios.<\/p>\n<p>El usuario aporta sus datos personales de forma libre y voluntaria.\u00a0El Responsable del Tratamiento\u00a0no solicita m\u00e1s informaci\u00f3n personal que la que es necesaria para recibir los servicios e informaciones solicitadas. El env\u00edo de informaci\u00f3n a trav\u00e9s de este sitio web conlleva necesariamente la autorizaci\u00f3n expresa para los tratamientos de datos descritos en esta pol\u00edtica de privacidad y en las condiciones generales del sitio web. El usuario es el \u00fanico responsable de la veracidad y correcci\u00f3n de los datos incluidos, exonerando a BERGARAKO UDALA de cualquier responsabilidad al respecto.<\/p>\n<ol>\n<li style=\"list-style-type: none;\">\n<ol>\n<li><strong>\u00a0\u00a0\u00a0<u>Derechos de los interesados<\/u><\/strong><\/li>\n<\/ol>\n<\/li>\n<\/ol>\n<p>Puede ejercer los derechos de acceso, rectificaci\u00f3n, supresi\u00f3n, limitaci\u00f3n al tratamiento, portabilidad y oposici\u00f3n, as\u00ed como retirar su consentimiento o realizar cualquier otra solicitud sobre esta materia dirigi\u00e9ndose por escrito al Responsable del Tratamiento, BERGARAKO UDALA., en Calle San Martin Agirre Plaza, 20570 Bergara (Gipuzkoa), tef. 943 77 91 00, o bien a trav\u00e9s de la direcci\u00f3n de correo electr\u00f3nico\u00a0<a href=\"mailto:aperribay@industriasaperribay.com\">dbo@bergara.eus<\/a>\u00a0BERGARAKO UDALA<\/p>\n<p>La solicitud deber\u00e1 llevar adjunta copia de documento de acreditativo de la identidad del solicitante (DNI o similares). En caso de realizar la solicitud en su condici\u00f3n de representante legal, deber\u00e1 adjuntar, adem\u00e1s de la copia de documento de acreditativo de la identidad del solicitante, un documento acreditativo de tal representaci\u00f3n. La autoridad de control a la que usted puede dirigirse en caso de no estar de acuerdo con la resoluci\u00f3n de las solicitudes o para presentar una reclamaci\u00f3n es la Agencia Espa\u00f1ola de Protecci\u00f3n de Datos: www.aepd.es<\/p>\n<ol>\n<li style=\"list-style-type: none;\">\n<ol>\n<li><strong>\u00a0\u00a0\u00a0<u>Medidas de seguridad<\/u><\/strong><\/li>\n<\/ol>\n<\/li>\n<\/ol>\n<p>BERGARAKO UDALA tratar\u00e1 los datos personales contenidos en sus tratamientos de datos adoptando las medidas de \u00edndole t\u00e9cnica y organizativa que sean necesarias para garantizar su seguridad y evitar su alteraci\u00f3n, p\u00e9rdida, tratamiento o acceso no autorizado, habida cuenta del estado de la tecnolog\u00eda, la naturaleza de los datos almacenados y los riesgos a que est\u00e1n expuestos, ya provengan de la acci\u00f3n humana o del medio f\u00edsico o natural, de acuerdo con la legislaci\u00f3n vigente que resulte de aplicaci\u00f3n en materia de medidas de seguridad de los tratamientos de datos personales. Sin embargo, los usuarios son informados de que las medidas de seguridad inform\u00e1tica no son inexpugnables y no se est\u00e1 a salvo de posibles intromisiones ilegales e indebidas, que no ser\u00edan responsabilidad de BERGARAKO UDALA<\/p>\n<ol>\n<li style=\"list-style-type: none;\">\n<ol>\n<li><strong><u>Enlace a redes sociales y canales web<\/u><\/strong><\/li>\n<\/ol>\n<\/li>\n<\/ol>\n<p>Este sitio web puede ofrecer enlaces a redes sociales y sitios y canales web externos (Facebook, Instagram, Twitter, etc.). BERGARAKO UDALA no asume ninguna responsabilidad en relaci\u00f3n con estos sitios enlazados. El usuario que acceda a redes sociales y sitios y canales web externos, relacionados con BERGARAKO UDALA., desde los enlaces ubicados en este sitio web o de cualquier otra forma, queda previa y expresamente informado de que las condiciones de uso, pol\u00edticas de privacidad, pol\u00edticas de cookies y cualesquiera condiciones y\/o normativas dependen de las entidades responsables de dichas redes sociales y sitios y canales web, y nunca de BERGARAKO UDALA<\/p>\n<ol>\n<li style=\"list-style-type: none;\">\n<ol>\n<li><strong><u>Vigencia<\/u><\/strong><\/li>\n<\/ol>\n<\/li>\n<\/ol>\n<p>BERGARAKO UDALA. se reserva el derecho de modificar su pol\u00edtica de privacidad de acuerdo a su criterio, a cambios legislativos o jurisprudenciales. Si el Responsable del Tratamiento introdujera alguna modificaci\u00f3n, el nuevo texto ser\u00e1 publicado en este mismo sitio web, donde el usuario podr\u00e1 tener conocimiento de la misma. En cualquier caso, la relaci\u00f3n con los usuarios se regir\u00e1 por las normas previstas en el momento preciso en que se accede al sitio web. Es por ello que el Responsable del Tratamiento le recomienda visitar esta pol\u00edtica de privacidad cada vez que se conecte al sitio web.<\/p>\n<ol>\n<li style=\"list-style-type: none;\">\n<ol>\n<li><strong><u>Jurisdicci\u00f3n<\/u><\/strong><\/li>\n<\/ol>\n<\/li>\n<\/ol>\n<p>Las relaciones establecidas entre BERGARAKO UDALA y el usuario se regir\u00e1n por lo dispuesto en la normativa vigente acerca de la legislaci\u00f3n aplicable y la jurisdicci\u00f3n competente. No obstante, para los casos en los que la normativa prevea la posibilidad a las partes de someterse a un fuero, BERGARAKO UDALA y el usuario, con renuncia expresa a cualquier otro fuero que pudiera corresponderles, se someten a los Juzgados y Tribunales de Bergara (Gipuzkoa).<\/p>\n<p>BERGARAKO UDALA. perseguir\u00e1 el incumplimiento de esta Pol\u00edtica de Privacidad as\u00ed como cualquier utilizaci\u00f3n indebida de los contenidos presentados en este sitio web ejerciendo todas las acciones civiles y penales que le puedan corresponder en Derecho, incluidas las de naturaleza econ\u00f3mica.<\/p>\n<p><em>\u00daltima actualizaci\u00f3n de la Pol\u00edtica de Privacidad: 25\/03\/2019<\/em>[\/vc_column_text][\/vc_column][\/vc_row]<\/p>\n","protected":false},"excerpt":{"rendered":"<p>[vc_row][vc_column][vc_column_text] Pol\u00edtica de Privacidad \u2013 Protecci\u00f3n de datos Personales \u00a0\u00a0\u00a0Introducci\u00f3n En cumplimiento de la normativa sobre Protecci\u00f3n de Datos Personales, se informa a los usuarios que los datos personales que faciliten mediante correo electr\u00f3nico, enviados a trav\u00e9s de formularios o por cualquier otro medio ubicado en este sitio web ser\u00e1n incorporados a sistemas de tratamiento<a class=\"article-read-more\" href=\"http:\/\/ztbergara.eus\/es\/politica-de-privacidad\/\"><i class=\"flownewsicon fa-angle-double-right\"><\/i><\/a><\/p>\n","protected":false},"author":1,"featured_media":0,"parent":0,"menu_order":0,"comment_status":"closed","ping_status":"closed","template":"","meta":[],"aioseo_notices":[],"_links":{"self":[{"href":"http:\/\/ztbergara.eus\/es\/wp-json\/wp\/v2\/pages\/7832"}],"collection":[{"href":"http:\/\/ztbergara.eus\/es\/wp-json\/wp\/v2\/pages"}],"about":[{"href":"http:\/\/ztbergara.eus\/es\/wp-json\/wp\/v2\/types\/page"}],"author":[{"embeddable":true,"href":"http:\/\/ztbergara.eus\/es\/wp-json\/wp\/v2\/users\/1"}],"replies":[{"embeddable":true,"href":"http:\/\/ztbergara.eus\/es\/wp-json\/wp\/v2\/comments?post=7832"}],"version-history":[{"count":1,"href":"http:\/\/ztbergara.eus\/es\/wp-json\/wp\/v2\/pages\/7832\/revisions"}],"predecessor-version":[{"id":7833,"href":"http:\/\/ztbergara.eus\/es\/wp-json\/wp\/v2\/pages\/7832\/revisions\/7833"}],"wp:attachment":[{"href":"http:\/\/ztbergara.eus\/es\/wp-json\/wp\/v2\/media?parent=7832"}],"curies":[{"name":"wp","href":"https:\/\/api.w.org\/{rel}","templated":true}]}}