{"id":8459,"date":"2025-09-25T18:14:48","date_gmt":"2025-09-25T18:14:48","guid":{"rendered":"https:\/\/ztbergara.eus\/ztb-2024-urtea\/"},"modified":"2025-10-08T14:34:12","modified_gmt":"2025-10-08T14:34:12","slug":"cti-ano-2024","status":"publish","type":"page","link":"http:\/\/ztbergara.eus\/es\/cti-ano-2024\/","title":{"rendered":"CTI a\u00f1o 2024"},"content":{"rendered":"<p>[vc_row][vc_column][vc_column_text]<\/p>\n<h2 style=\"text-align: center;\">CTI a\u00f1o 2024<\/h2>\n<p>[\/vc_column_text][vc_column_text]<\/p>\n<h2><\/h2>\n<p><img loading=\"lazy\" class=\"alignnone size-full wp-image-8118\" src=\"http:\/\/ztbergara.eus\/wp-content\/uploads\/2024\/10\/img_9970.jpg\" alt=\"ztb 2024\" width=\"4032\" height=\"3024\" srcset=\"http:\/\/ztbergara.eus\/wp-content\/uploads\/2024\/10\/img_9970.jpg 1600w, http:\/\/ztbergara.eus\/wp-content\/uploads\/2024\/10\/img_9970-300x225.jpg 300w, http:\/\/ztbergara.eus\/wp-content\/uploads\/2024\/10\/img_9970-1024x768.jpg 1024w, http:\/\/ztbergara.eus\/wp-content\/uploads\/2024\/10\/img_9970-768x576.jpg 768w, http:\/\/ztbergara.eus\/wp-content\/uploads\/2024\/10\/img_9970-1536x1152.jpg 1536w, http:\/\/ztbergara.eus\/wp-content\/uploads\/2024\/10\/img_9970-2048x1536.jpg 2048w, http:\/\/ztbergara.eus\/wp-content\/uploads\/2024\/10\/img_9970-800x600.jpg 800w, http:\/\/ztbergara.eus\/wp-content\/uploads\/2024\/10\/img_9970-500x375.jpg 500w, http:\/\/ztbergara.eus\/wp-content\/uploads\/2024\/10\/img_9970-1000x750.jpg 1000w\" sizes=\"(max-width: 4032px) 100vw, 4032px\" \/><\/p>\n<p>A lo largo de la historia, y especialmente en el siglo XVIII, Bergara ha tenido una gran vinculaci\u00f3n con la ciencia y su divulgaci\u00f3n gracias al Real Seminario. En aquella \u00e9poca, se tra\u00edan a Bergara las innovaciones europeas para analizarlas y difundirlas entre la poblaci\u00f3n, siguiendo las corrientes de la Ilustraci\u00f3n.<\/p>\n<p>En el siglo XIX el Real Seminario tambi\u00e9n fue un centro de educaci\u00f3n e investigaci\u00f3n de primer nivel en el Pa\u00eds Vasco y muy relevante en el Estado espa\u00f1ol. De hecho, en el siglo XIX se instal\u00f3 en el Real Seminario la Escuela Industrial para formar ingenieros. Esta escuela de ingenier\u00eda era la \u00fanica en el Pa\u00eds Vasco y, en 1850, solo exist\u00edan cuatro en todo el Estado espa\u00f1ol.<\/p>\n<p>Desde entonces ese v\u00ednculo no se ha roto, y Bergara ha seguido trabajando en la divulgaci\u00f3n de la ciencia, la tecnolog\u00eda y la innovaci\u00f3n. Por ejemplo, mediante las jornadas de Ciencia, Tecnolog\u00eda e Innovaci\u00f3n, ZTB. El objetivo es socializar y promover la ciencia, la tecnolog\u00eda y la innovaci\u00f3n en todos los \u00e1mbitos. A menudo desconocidos, pero estos tres campos tienen un impacto directo en nuestras vidas y, por ello, es necesario acercar la ciencia a toda la gente, de alg\u00fan modo \u201ccientificarla\u201d.<\/p>\n<p>Estas jornadas tienen su origen en la <em>Semana TIC<\/em>. Posteriormente, y coincidiendo con la apertura del Museo Laboratorium en 2015, el Ayuntamiento de Bergara comenz\u00f3 a organizar en colaboraci\u00f3n con Laboratorium las <em>Jornadas de Ciencia, Tecnolog\u00eda e Innovaci\u00f3n<\/em>.<\/p>\n<p>El objetivo inicial de la Semana TIC era difundir el conocimiento sobre la innovaci\u00f3n tecnol\u00f3gica entre las empresas de la comarca. A partir de ah\u00ed, la programaci\u00f3n se fue ampliando, multiplicando participantes y especializaciones.<\/p>\n<p>En las jornadas ZTB se trabajan disciplinas muy diversas, con formatos variados, dirigidos a p\u00fablicos diferentes y de la mano de distintas entidades y agentes.<\/p>\n<p>El eje o tema principal de las jornadas de 2024 es la <strong><u>Inteligencia Artificial<\/u><\/strong>. Al ser un tema de plena actualidad en la sociedad, resulta necesario conocerlo y analizarlo para que las decisiones que tomemos en adelante sean las m\u00e1s adecuadas y, as\u00ed, la sociedad pueda avanzar de forma eficaz.<\/p>\n<p>Para compartir y aprovechar el conocimiento sobre el profundo impacto que esta tecnolog\u00eda tendr\u00e1 en nuestra sociedad, queremos alcanzar los siguientes objetivos:<\/p>\n<ol>\n<li><strong>Compartir y difundir conocimiento<\/strong>: La iniciativa de las jornadas sobre IA es una oportunidad \u00fanica para presentar a la comunidad las \u00faltimas investigaciones, avances tecnol\u00f3gicos y nuevos proyectos, enriqueciendo y ampliando el saber en distintos \u00e1mbitos.<\/li>\n<li><strong>Crear redes profesionales<\/strong>: Estas jornadas son un punto de encuentro para profesionales que trabajan en el \u00e1mbito de la IA. Esto impulsa los avances tecnol\u00f3gicos y facilita nuevas colaboraciones.<\/li>\n<li><strong>Conocer tendencias y nuevas tecnolog\u00edas<\/strong>: La IA es un campo en constante cambio y desarrollo. Estas jornadas permiten descubrir futuras tendencias y retos, ofreciendo a los participantes la oportunidad de conocer innovaciones punteras en este \u00e1mbito.<\/li>\n<li><strong>Sensibilizaci\u00f3n e impacto social<\/strong>: En estas jornadas se analizan los efectos \u00e9ticos, sociales y econ\u00f3micos de la IA. Es importante dar a conocer al p\u00fablico y a los agentes implicados tanto el potencial como los riesgos de esta tecnolog\u00eda, ya que puede afectar a toda la sociedad.<\/li>\n<li><strong>Aprendizaje y formaci\u00f3n<\/strong>: Las jornadas son una oportunidad de aprendizaje y formaci\u00f3n para estudiantes, investigadores y profesionales. Habr\u00e1 talleres, conferencias y exposiciones donde se podr\u00e1n conocer y experimentar nuevas herramientas y t\u00e9cnicas relacionadas con la IA.<\/li>\n<li><strong>Fomentar la innovaci\u00f3n<\/strong>: Las jornadas son una ocasi\u00f3n ideal para intercambiar ideas y promover la innovaci\u00f3n tecnol\u00f3gica. Empresas e investigadores presentan sus proyectos, lo que a menudo genera nuevas alianzas y proyectos innovadores.<\/li>\n<\/ol>\n<p>[\/vc_column_text][\/vc_column][\/vc_row][vc_row][vc_column]<script type=\"text\/javascript\">\n\t\t\t\t\tjQuery(document).ready(function($){\n\t\t\t\t\t$('.flownews-vc-element-posts-carousel-1').owlCarousel({\n\t\t\t\t\t\tloop:true,\n\t\t\t\t\t\tsmartSpeed: 2000,\n\t\t\t\t\t\tmargin:25,\t\t\t\t\t\t\n\t\t\t\t\t\tnav:true,\n\t\t\t\t\t\t\n\t\t\t\t\t\t\n\t\t\t\t\t\tdots:true,autoplay: true,\n\t\t\t\tautoplayTimeout: 3000,navText: ['<i class=\"flownewsicon fa-angle-left\"><\/i>','<i class=\"flownewsicon fa-angle-right\"><\/i>'],\n\t\t\t\t\t\tresponsive:{\n\t\t\t\t\t\t\t0:{\n\t\t\t\t\t\t\t\titems:3\n\t\t\t\t\t\t\t},\n\t\t\t\t\t\t\t600:{\n\t\t\t\t\t\t\t\titems:3\n\t\t\t\t\t\t\t},\n\t\t\t\t\t\t\t700:{\n\t\t\t\t\t\t\t\titems:3\n\t\t\t\t\t\t\t},\n\t\t\t\t\t\t\t800:{\n\t\t\t\t\t\t\t\titems:3\n\t\t\t\t\t\t\t},\n\t\t\t\t\t\t\t900:{\n\t\t\t\t\t\t\t\titems:3\n\t\t\t\t\t\t\t},\n\t\t\t\t\t\t\t1000:{\n\t\t\t\t\t\t\t\titems:3\n\t\t\t\t\t\t\t},\n\t\t\t\t\t\t\t1200:{\n\t\t\t\t\t\t\t\titems:3\n\t\t\t\t\t\t\t}\n\t\t\t\t\t\t\t\n\t\t\t\t\t\t}\n\t\t\t\t\t});\n\t\t\t\t});\t\t\n\t\t\t\t<\/script><div class=\"wpmp-clear\"><\/div><div class=\"flownews-vc-element-posts-carousel-title-box title-box-1\"><h2>2024ko albisteak<\/h2><\/div><div class=\"flownews-vc-element-posts-carousel flownews-posts-carousel-type1 flownews-vc-element-posts-carousel-1 flownews-vc-element-posts-carousel-item-show-3 element-no-padding\"><\/div><div class=\"flownews-clear\"><\/div>[\/vc_column][\/vc_row][vc_row][vc_column][vc_tta_tabs style=&#8221;modern&#8221; color=&#8221;turquoise&#8221; spacing=&#8221;3&#8243; active_section=&#8221;1&#8243; title=&#8221;2024 PROGRAMAZIOA&#8221;][vc_tta_section title=&#8221;Hitzaldiak&#8221; tab_id=&#8221;1694597757072-40d22bfb-8704a142-1b4b&#8221;]<div class=\"wpmp-clear\"><\/div><div class=\"flownews-vc-element-posts  flownews-posts-type3 flownews-vc-posts-3-col flownews-vc-element-posts-1 element-no-padding\"><div class=\"flownews-vc-element-posts-article-container\"><article class=\"item-posts first-element-posts col-xs-4  vc-element-post-odd\"><div class=\"article-image\"><a href=\"http:\/\/ztbergara.eus\/es\/inteligencia-artificial-desde-sus-fundamentos-hasta-la-creacion-y-la-industria\/\"><img class=\"flownews-vc-thumbs\" src=\"http:\/\/ztbergara.eus\/wp-content\/uploads\/2024\/10\/Adimen-artifiziala-ztb-2024-446x248.jpg\" alt=\"Inteligencia artificial: Desde sus fundamentos hasta la creaci\u00f3n y la industria\"><\/a><div class=\"article-category\"><a href=\"http:\/\/ztbergara.eus\/es\/actividades\/conferencia\/\" title=\"View all posts in Conferencia\">Conferencia<\/a><\/div><\/div><div class=\"article-datetime\">21 de Octubre \/ Hora: 10:00<\/div><div class=\"article-info\"><div class=\"article-info-top\"><div class=\"article-data\"><i class=\"flownewsicon fa-calendar-o\"><\/i>Octubre 11, 2024<\/div><div class=\"article-separator\">|<\/div><div class=\"article-comments\"><i class=\"flownewsicon fa-comment-o\"><\/i>No Comments<\/div><div class=\"flownews-clear\"><\/div><\/div><div class=\"article-info-bottom\"><h3 class=\"article-title\"><a href=\"http:\/\/ztbergara.eus\/es\/inteligencia-artificial-desde-sus-fundamentos-hasta-la-creacion-y-la-industria\/\">Inteligencia artificial: Desde sus fundamentos hasta la creaci\u00f3n y la industria<\/a><\/h3><div class=\"flownews-clear\"><\/div><\/div><\/div><\/article><article class=\"item-posts first-element-posts col-xs-4  vc-element-post-even\"><div class=\"article-image\"><a href=\"http:\/\/ztbergara.eus\/es\/la-digitalizacion-en-el-pais-vasco\/\"><img class=\"flownews-vc-thumbs\" src=\"http:\/\/ztbergara.eus\/wp-content\/uploads\/2024\/10\/digitalizacion-ztb-2024-446x248.jpg\" alt=\"La digitalizaci\u00f3n en el Pa\u00eds Vasco\"><\/a><div class=\"article-category\"><a href=\"http:\/\/ztbergara.eus\/es\/actividades\/conferencia\/\" title=\"View all posts in Conferencia\">Conferencia<\/a><\/div><\/div><div class=\"article-datetime\">04 de Noviembre \/ Hora: 10:00<\/div><div class=\"article-info\"><div class=\"article-info-top\"><div class=\"article-data\"><i class=\"flownewsicon fa-calendar-o\"><\/i>Octubre 11, 2024<\/div><div class=\"article-separator\">|<\/div><div class=\"article-comments\"><i class=\"flownewsicon fa-comment-o\"><\/i>No Comments<\/div><div class=\"flownews-clear\"><\/div><\/div><div class=\"article-info-bottom\"><h3 class=\"article-title\"><a href=\"http:\/\/ztbergara.eus\/es\/la-digitalizacion-en-el-pais-vasco\/\">La digitalizaci\u00f3n en el Pa\u00eds Vasco<\/a><\/h3><div class=\"flownews-clear\"><\/div><\/div><\/div><\/article><article class=\"item-posts first-element-posts col-xs-4  vc-element-post-odd\"><div class=\"article-image\"><a href=\"http:\/\/ztbergara.eus\/es\/introduccion-a-la-inteligencia-artificial-entendiendo-su-impacto-en-nuestro-dia-a-dia\/\"><img class=\"flownews-vc-thumbs\" src=\"http:\/\/ztbergara.eus\/wp-content\/uploads\/2024\/10\/inteligencia-artificial-03-ztb-2024-446x248.jpg\" alt=\"Introducci\u00f3n a la Inteligencia Artificial: entendiendo su impacto en nuestro d\u00eda a d\u00eda.\"><\/a><div class=\"article-category\"><a href=\"http:\/\/ztbergara.eus\/es\/actividades\/conferencia\/\" title=\"View all posts in Conferencia\">Conferencia<\/a><\/div><\/div><div class=\"article-datetime\">06 de Noviembre \/ Hora: 10:00<\/div><div class=\"article-info\"><div class=\"article-info-top\"><div class=\"article-data\"><i class=\"flownewsicon fa-calendar-o\"><\/i>Octubre 11, 2024<\/div><div class=\"article-separator\">|<\/div><div class=\"article-comments\"><i class=\"flownewsicon fa-comment-o\"><\/i>No Comments<\/div><div class=\"flownews-clear\"><\/div><\/div><div class=\"article-info-bottom\"><h3 class=\"article-title\"><a href=\"http:\/\/ztbergara.eus\/es\/introduccion-a-la-inteligencia-artificial-entendiendo-su-impacto-en-nuestro-dia-a-dia\/\">Introducci\u00f3n a la Inteligencia Artificial: entendiendo su impacto en nuestro d\u00eda a d\u00eda.<\/a><\/h3><div class=\"flownews-clear\"><\/div><\/div><\/div><\/article><div class=\"flownews-clear\"><\/div><article class=\"item-posts first-element-posts col-xs-4  vc-element-post-even\"><div class=\"article-image\"><a href=\"http:\/\/ztbergara.eus\/es\/descubriendo-la-ia-generativa-fundamentos-riesgos-y-herramientas-clave\/\"><img class=\"flownews-vc-thumbs\" src=\"http:\/\/ztbergara.eus\/wp-content\/uploads\/2024\/10\/inteligencia-artificial-ztb-2024-2-446x248.jpg\" alt=\"Descubriendo la IA Generativa: Fundamentos, Riesgos y Herramientas Clave\"><\/a><div class=\"article-category\"><a href=\"http:\/\/ztbergara.eus\/es\/actividades\/conferencia\/\" title=\"View all posts in Conferencia\">Conferencia<\/a><\/div><\/div><div class=\"article-datetime\">11 de Noviembre \/ Hora: 10:00<\/div><div class=\"article-info\"><div class=\"article-info-top\"><div class=\"article-data\"><i class=\"flownewsicon fa-calendar-o\"><\/i>Octubre 11, 2024<\/div><div class=\"article-separator\">|<\/div><div class=\"article-comments\"><i class=\"flownewsicon fa-comment-o\"><\/i>No Comments<\/div><div class=\"flownews-clear\"><\/div><\/div><div class=\"article-info-bottom\"><h3 class=\"article-title\"><a href=\"http:\/\/ztbergara.eus\/es\/descubriendo-la-ia-generativa-fundamentos-riesgos-y-herramientas-clave\/\">Descubriendo la IA Generativa: Fundamentos, Riesgos y Herramientas Clave<\/a><\/h3><div class=\"flownews-clear\"><\/div><\/div><\/div><\/article><article class=\"item-posts first-element-posts col-xs-4  vc-element-post-odd\"><div class=\"article-image\"><a href=\"http:\/\/ztbergara.eus\/es\/reconocimiento-facial-y-otras-formas-de-identificacion-biometrica-retos-y-riesgos\/\"><img class=\"flownews-vc-thumbs\" src=\"http:\/\/ztbergara.eus\/wp-content\/uploads\/2024\/10\/biometria-ztb-446x248.jpg\" alt=\"Reconocimiento facial y otras formas de identificaci\u00f3n biom\u00e9trica: retos y riesgos\"><\/a><div class=\"article-category\"><a href=\"http:\/\/ztbergara.eus\/es\/actividades\/conferencia\/\" title=\"View all posts in Conferencia\">Conferencia<\/a><\/div><\/div><div class=\"article-datetime\">13 de Noviembre \/ Hora: 10:00<\/div><div class=\"article-info\"><div class=\"article-info-top\"><div class=\"article-data\"><i class=\"flownewsicon fa-calendar-o\"><\/i>Octubre 11, 2024<\/div><div class=\"article-separator\">|<\/div><div class=\"article-comments\"><i class=\"flownewsicon fa-comment-o\"><\/i>No Comments<\/div><div class=\"flownews-clear\"><\/div><\/div><div class=\"article-info-bottom\"><h3 class=\"article-title\"><a href=\"http:\/\/ztbergara.eus\/es\/reconocimiento-facial-y-otras-formas-de-identificacion-biometrica-retos-y-riesgos\/\">Reconocimiento facial y otras formas de identificaci\u00f3n biom\u00e9trica: retos y riesgos<\/a><\/h3><div class=\"flownews-clear\"><\/div><\/div><\/div><\/article><\/div><div class=\"flownews-clear\"><\/div><\/div>[\/vc_tta_section][vc_tta_section title=&#8221;Erakusketak&#8221; tab_id=&#8221;1694597757072-10504923-85a2a142-1b4b&#8221;]<div class=\"wpmp-clear\"><\/div><div class=\"flownews-vc-element-posts  flownews-posts-type3 flownews-vc-posts-3-col flownews-vc-element-posts-2 element-no-padding\"><div class=\"flownews-vc-element-posts-article-container\"><article class=\"item-posts first-element-posts col-xs-4  vc-element-post-odd\"><div class=\"article-image\"><a href=\"http:\/\/ztbergara.eus\/es\/the-black-box-exposicion\/\"><img class=\"flownews-vc-thumbs\" src=\"http:\/\/ztbergara.eus\/wp-content\/uploads\/2024\/10\/inteligencia-artificial-02-ztb-2024-446x248.jpg\" alt=\"The Black Box &#8211; Exposici\u00f3n\"><\/a><div class=\"article-category\"><a href=\"http:\/\/ztbergara.eus\/es\/actividades\/exposicion\/\" title=\"View all posts in Exposici\u00f3n\">Exposici\u00f3n<\/a><\/div><\/div><div class=\"article-datetime\">05 de Noviembre<\/div><div class=\"article-info\"><div class=\"article-info-top\"><div class=\"article-data\"><i class=\"flownewsicon fa-calendar-o\"><\/i>Octubre 11, 2024<\/div><div class=\"article-separator\">|<\/div><div class=\"article-comments\"><i class=\"flownewsicon fa-comment-o\"><\/i>No Comments<\/div><div class=\"flownews-clear\"><\/div><\/div><div class=\"article-info-bottom\"><h3 class=\"article-title\"><a href=\"http:\/\/ztbergara.eus\/es\/the-black-box-exposicion\/\">The Black Box &#8211; Exposici\u00f3n<\/a><\/h3><div class=\"flownews-clear\"><\/div><\/div><\/div><\/article><\/div><div class=\"flownews-clear\"><\/div><\/div>[\/vc_tta_section][vc_tta_section title=&#8221;Ikastaro &#8211; Tailerrak&#8221; tab_id=&#8221;1694598003916-bcbc4a27-e9cca142-1b4b&#8221;]<div class=\"wpmp-clear\"><\/div><div class=\"flownews-vc-element-posts  flownews-posts-type3 flownews-vc-posts-3-col flownews-vc-element-posts-3 element-no-padding\"><div class=\"flownews-vc-element-posts-article-container\"><article class=\"item-posts first-element-posts col-xs-4  vc-element-post-odd\"><div class=\"article-image\"><a href=\"http:\/\/ztbergara.eus\/es\/ia-para-tiendas-mejor-atencion-y-marketing-mas-facil\/\"><img class=\"flownews-vc-thumbs\" src=\"http:\/\/ztbergara.eus\/wp-content\/uploads\/2024\/10\/AA-dendetarako-ztb-2024-446x248.jpg\" alt=\"IA para tiendas: mejor atenci\u00f3n y marketing m\u00e1s f\u00e1cil\"><\/a><div class=\"article-category\"><a href=\"http:\/\/ztbergara.eus\/es\/actividades\/cursos-talleres\/\" title=\"View all posts in Cursos-talleres\">Cursos-talleres<\/a><\/div><\/div><div class=\"article-datetime\">08 de Noviembre \/ Hora: 14:30<\/div><div class=\"article-info\"><div class=\"article-info-top\"><div class=\"article-data\"><i class=\"flownewsicon fa-calendar-o\"><\/i>Octubre 11, 2024<\/div><div class=\"article-separator\">|<\/div><div class=\"article-comments\"><i class=\"flownewsicon fa-comment-o\"><\/i>No Comments<\/div><div class=\"flownews-clear\"><\/div><\/div><div class=\"article-info-bottom\"><h3 class=\"article-title\"><a href=\"http:\/\/ztbergara.eus\/es\/ia-para-tiendas-mejor-atencion-y-marketing-mas-facil\/\">IA para tiendas: mejor atenci\u00f3n y marketing m\u00e1s f\u00e1cil<\/a><\/h3><div class=\"flownews-clear\"><\/div><\/div><\/div><\/article><\/div><div class=\"flownews-clear\"><\/div><\/div>[\/vc_tta_section][vc_tta_section title=&#8221;Barnetegi teknologikoa&#8221; tab_id=&#8221;1694598304348-d28ec4d7-8feaa142-1b4b&#8221;]<div class=\"wpmp-clear\"><\/div><div class=\"flownews-vc-element-posts  flownews-posts-type3 flownews-vc-posts-3-col flownews-vc-element-posts-4 element-no-padding\"><div class=\"flownews-vc-element-posts-article-container\"><article class=\"item-posts first-element-posts col-xs-4  vc-element-post-odd\"><div class=\"article-image\"><a href=\"http:\/\/ztbergara.eus\/es\/uso-practico-de-chatgpt-y-otras-herramientas-de-ia-generativas-2\/\"><img class=\"flownews-vc-thumbs\" src=\"http:\/\/ztbergara.eus\/wp-content\/uploads\/2024\/10\/ChatGPT-ztb-2024-446x248.jpg\" alt=\"Uso pr\u00e1ctico de ChatGPT y otras Herramientas de IA Generativas\"><\/a><div class=\"article-category\"><a href=\"http:\/\/ztbergara.eus\/es\/actividades\/barnetegi-teknologikoa-es\/\" title=\"View all posts in Barnetegi Teknologikoa\">Barnetegi Teknologikoa<\/a><\/div><\/div><div class=\"article-datetime\">07 de Noviembre \/ Hora: 09:00<\/div><div class=\"article-info\"><div class=\"article-info-top\"><div class=\"article-data\"><i class=\"flownewsicon fa-calendar-o\"><\/i>Octubre 11, 2024<\/div><div class=\"article-separator\">|<\/div><div class=\"article-comments\"><i class=\"flownewsicon fa-comment-o\"><\/i>No Comments<\/div><div class=\"flownews-clear\"><\/div><\/div><div class=\"article-info-bottom\"><h3 class=\"article-title\"><a href=\"http:\/\/ztbergara.eus\/es\/uso-practico-de-chatgpt-y-otras-herramientas-de-ia-generativas-2\/\">Uso pr\u00e1ctico de ChatGPT y otras Herramientas de IA Generativas<\/a><\/h3><div class=\"flownews-clear\"><\/div><\/div><\/div><\/article><\/div><div class=\"flownews-clear\"><\/div><\/div>[\/vc_tta_section][vc_tta_section title=&#8221;Hezkuntza Eskaintza&#8221; tab_id=&#8221;1758823753031-de08d386-c6ba&#8221;]<div class=\"wpmp-clear\"><\/div><div class=\"flownews-vc-element-posts  flownews-posts-type3 flownews-vc-posts-3-col flownews-vc-element-posts-5 element-no-padding\"><div class=\"flownews-vc-element-posts-article-container\"><article class=\"item-posts first-element-posts col-xs-4  vc-element-post-odd\"><div class=\"article-image\"><a href=\"http:\/\/ztbergara.eus\/es\/ihes-joko-teknologikoa-escape-room-tailerrak-2\/\"><img class=\"flownews-vc-thumbs\" src=\"http:\/\/ztbergara.eus\/wp-content\/uploads\/2024\/10\/Escape-Room-446x248.jpg\" alt=\"Ihes Joko Teknologikoa (Escape Room) Tailerrak\"><\/a><div class=\"article-category\"><a href=\"http:\/\/ztbergara.eus\/es\/actividades\/oferta-educativa\/\" title=\"View all posts in Oferta educativa\">Oferta educativa<\/a><\/div><\/div><div class=\"article-datetime\"><\/div><div class=\"article-info\"><div class=\"article-info-top\"><div class=\"article-data\"><i class=\"flownewsicon fa-calendar-o\"><\/i>Octubre 14, 2024<\/div><div class=\"article-separator\">|<\/div><div class=\"article-comments\"><i class=\"flownewsicon fa-comment-o\"><\/i>No Comments<\/div><div class=\"flownews-clear\"><\/div><\/div><div class=\"article-info-bottom\"><h3 class=\"article-title\"><a href=\"http:\/\/ztbergara.eus\/es\/ihes-joko-teknologikoa-escape-room-tailerrak-2\/\">Ihes Joko Teknologikoa (Escape Room) Tailerrak<\/a><\/h3><div class=\"flownews-clear\"><\/div><\/div><\/div><\/article><article class=\"item-posts first-element-posts col-xs-4  vc-element-post-even\"><div class=\"article-image\"><a href=\"http:\/\/ztbergara.eus\/es\/steam-koin-komunitatea-indartuz\/\"><img class=\"flownews-vc-thumbs\" src=\"http:\/\/ztbergara.eus\/wp-content\/uploads\/2024\/10\/STEAM-KOIN-446x248.jpg\" alt=\"STEAM-KOIN komunitatea indartuz\"><\/a><div class=\"article-category\"><a href=\"http:\/\/ztbergara.eus\/es\/actividades\/oferta-educativa\/\" title=\"View all posts in Oferta educativa\">Oferta educativa<\/a><\/div><\/div><div class=\"article-datetime\"><\/div><div class=\"article-info\"><div class=\"article-info-top\"><div class=\"article-data\"><i class=\"flownewsicon fa-calendar-o\"><\/i>Octubre 14, 2024<\/div><div class=\"article-separator\">|<\/div><div class=\"article-comments\"><i class=\"flownewsicon fa-comment-o\"><\/i>No Comments<\/div><div class=\"flownews-clear\"><\/div><\/div><div class=\"article-info-bottom\"><h3 class=\"article-title\"><a href=\"http:\/\/ztbergara.eus\/es\/steam-koin-komunitatea-indartuz\/\">STEAM-KOIN komunitatea indartuz<\/a><\/h3><div class=\"flownews-clear\"><\/div><\/div><\/div><\/article><\/div><div class=\"flownews-clear\"><\/div><\/div>[\/vc_tta_section][\/vc_tta_tabs][\/vc_column][\/vc_row][vc_row][vc_column][vc_single_image image=&#8221;6050&#8243; img_size=&#8221;large&#8221; alignment=&#8221;center&#8221;][\/vc_column][\/vc_row][vc_row][vc_column][vc_single_image image=&#8221;8309&#8243; img_size=&#8221;large&#8221; alignment=&#8221;center&#8221;][\/vc_column][\/vc_row]<\/p>\n","protected":false},"excerpt":{"rendered":"<p>[vc_row][vc_column][vc_column_text] CTI a\u00f1o 2024 [\/vc_column_text][vc_column_text] A lo largo de la historia, y especialmente en el siglo XVIII, Bergara ha tenido una gran vinculaci\u00f3n con la ciencia y su divulgaci\u00f3n gracias al Real Seminario. En aquella \u00e9poca, se tra\u00edan a Bergara las innovaciones europeas para analizarlas y difundirlas entre la poblaci\u00f3n, siguiendo las corrientes de la<a class=\"article-read-more\" href=\"http:\/\/ztbergara.eus\/es\/steam-koin-komunitatea-indartuz\/\"><i class=\"flownewsicon fa-angle-double-right\"><\/i><\/a><\/p>\n","protected":false},"author":1,"featured_media":0,"parent":0,"menu_order":0,"comment_status":"closed","ping_status":"closed","template":"","meta":[],"aioseo_notices":[],"_links":{"self":[{"href":"http:\/\/ztbergara.eus\/es\/wp-json\/wp\/v2\/pages\/8459"}],"collection":[{"href":"http:\/\/ztbergara.eus\/es\/wp-json\/wp\/v2\/pages"}],"about":[{"href":"http:\/\/ztbergara.eus\/es\/wp-json\/wp\/v2\/types\/page"}],"author":[{"embeddable":true,"href":"http:\/\/ztbergara.eus\/es\/wp-json\/wp\/v2\/users\/1"}],"replies":[{"embeddable":true,"href":"http:\/\/ztbergara.eus\/es\/wp-json\/wp\/v2\/comments?post=8459"}],"version-history":[{"count":3,"href":"http:\/\/ztbergara.eus\/es\/wp-json\/wp\/v2\/pages\/8459\/revisions"}],"predecessor-version":[{"id":8463,"href":"http:\/\/ztbergara.eus\/es\/wp-json\/wp\/v2\/pages\/8459\/revisions\/8463"}],"wp:attachment":[{"href":"http:\/\/ztbergara.eus\/es\/wp-json\/wp\/v2\/media?parent=8459"}],"curies":[{"name":"wp","href":"https:\/\/api.w.org\/{rel}","templated":true}]}}