{"id":5414,"date":"2017-09-25T12:40:45","date_gmt":"2017-09-25T12:40:45","guid":{"rendered":"http:\/\/www.irudinet.com\/ztb\/\/ikastaroak\/"},"modified":"2021-10-18T13:12:34","modified_gmt":"2021-10-18T13:12:34","slug":"cursos-talleres","status":"publish","type":"page","link":"https:\/\/ztbergara.eus\/es\/cursos-talleres\/","title":{"rendered":"Cursos &#8211; talleres"},"content":{"rendered":"<p>[vc_row][vc_column][vc_text_separator title=&#8221;CURSOS &#8211; FORMACI\u00d3N &#8211; TALLERES 2021&#8243;]<div class=\"wpmp-clear\"><\/div><div class=\"flownews-vc-element-posts flownews-load-more-type3 flownews-posts-type3 flownews-vc-posts-3-col flownews-vc-element-posts-1 element-no-padding\"><div class=\"flownews-vc-element-posts-article-container\"><article class=\"item-posts first-element-posts col-xs-4 flownews-item-load-more-type3 vc-element-post-odd\"><div class=\"article-image\"><a href=\"https:\/\/ztbergara.eus\/es\/taller-para-mejorar-la-eficiencia-energetica-de-tu-hogar\/\"><img class=\"flownews-vc-thumbs\" src=\"https:\/\/ztbergara.eus\/wp-content\/uploads\/2021\/10\/bombilla-446x248.jpg\" alt=\"Taller para mejorar la eficiencia energ\u00e9tica de tu hogar\"><\/a><div class=\"article-category\"><a href=\"https:\/\/ztbergara.eus\/es\/actividades\/cursos-talleres\/\" title=\"View all posts in Cursos-talleres\">Cursos-talleres<\/a><\/div><\/div><div class=\"article-datetime\"><\/div><div class=\"article-info\"><div class=\"article-info-top\"><div class=\"article-data\"><i class=\"flownewsicon fa-calendar-o\"><\/i>Octubre 15, 2021<\/div><div class=\"article-separator\">|<\/div><div class=\"article-comments\"><i class=\"flownewsicon fa-comment-o\"><\/i>No Comments<\/div><div class=\"flownews-clear\"><\/div><\/div><div class=\"article-info-bottom\"><h3 class=\"article-title\"><a href=\"https:\/\/ztbergara.eus\/es\/taller-para-mejorar-la-eficiencia-energetica-de-tu-hogar\/\">Taller para mejorar la eficiencia energ\u00e9tica de tu hogar<\/a><\/h3><div class=\"flownews-clear\"><\/div><\/div><\/div><\/article><\/div><div class=\"flownews-clear\"><\/div><\/div>[\/vc_column][\/vc_row][vc_row][vc_column css=&#8221;.vc_custom_1603214178361{margin-bottom: 20px !important;}&#8221;][vc_text_separator title=&#8221;OFERTA EDUCATIVA 2021&#8243;]<div class=\"wpmp-clear\"><\/div><div class=\"flownews-vc-element-posts flownews-load-more-type3 flownews-posts-type3 flownews-vc-posts-3-col flownews-vc-element-posts-2 element-no-padding\"><div class=\"flownews-vc-element-posts-article-container\"><article class=\"item-posts first-element-posts col-xs-4 flownews-item-load-more-type3 vc-element-post-odd\"><div class=\"article-image\"><a href=\"https:\/\/ztbergara.eus\/es\/conferencia-sobre-fabricacion-inteligente\/\"><img class=\"flownews-vc-thumbs\" src=\"https:\/\/ztbergara.eus\/wp-content\/uploads\/2021\/10\/industria-tecnologica-446x248.jpg\" alt=\"Conferencia sobre fabricaci\u00f3n inteligente\"><\/a><div class=\"article-category\"><a href=\"https:\/\/ztbergara.eus\/es\/actividades\/oferta-educativa\/\" title=\"View all posts in Oferta educativa\">Oferta educativa<\/a><\/div><\/div><div class=\"article-datetime\"><\/div><div class=\"article-info\"><div class=\"article-info-top\"><div class=\"article-data\"><i class=\"flownewsicon fa-calendar-o\"><\/i>Octubre 15, 2021<\/div><div class=\"article-separator\">|<\/div><div class=\"article-comments\"><i class=\"flownewsicon fa-comment-o\"><\/i>No Comments<\/div><div class=\"flownews-clear\"><\/div><\/div><div class=\"article-info-bottom\"><h3 class=\"article-title\"><a href=\"https:\/\/ztbergara.eus\/es\/conferencia-sobre-fabricacion-inteligente\/\">Conferencia sobre fabricaci\u00f3n inteligente<\/a><\/h3><div class=\"flownews-clear\"><\/div><\/div><\/div><\/article><article class=\"item-posts first-element-posts col-xs-4 flownews-item-load-more-type3 vc-element-post-even\"><div class=\"article-image\"><a href=\"https:\/\/ztbergara.eus\/es\/taller-de-tecnologias-avanzadas\/\"><img class=\"flownews-vc-thumbs\" src=\"https:\/\/ztbergara.eus\/wp-content\/uploads\/2021\/10\/robotica-446x248.jpg\" alt=\"Taller de tecnolog\u00edas avanzadas\"><\/a><div class=\"article-category\"><a href=\"https:\/\/ztbergara.eus\/es\/actividades\/oferta-educativa\/\" title=\"View all posts in Oferta educativa\">Oferta educativa<\/a><\/div><\/div><div class=\"article-datetime\"><\/div><div class=\"article-info\"><div class=\"article-info-top\"><div class=\"article-data\"><i class=\"flownewsicon fa-calendar-o\"><\/i>Octubre 15, 2021<\/div><div class=\"article-separator\">|<\/div><div class=\"article-comments\"><i class=\"flownewsicon fa-comment-o\"><\/i>No Comments<\/div><div class=\"flownews-clear\"><\/div><\/div><div class=\"article-info-bottom\"><h3 class=\"article-title\"><a href=\"https:\/\/ztbergara.eus\/es\/taller-de-tecnologias-avanzadas\/\">Taller de tecnolog\u00edas avanzadas<\/a><\/h3><div class=\"flownews-clear\"><\/div><\/div><\/div><\/article><article class=\"item-posts first-element-posts col-xs-4 flownews-item-load-more-type3 vc-element-post-odd\"><div class=\"article-image\"><a href=\"https:\/\/ztbergara.eus\/es\/sera-el-hidrogeno-verde-la-solucion-al-cambio-climatico\/\"><img class=\"flownews-vc-thumbs\" src=\"https:\/\/ztbergara.eus\/wp-content\/uploads\/2021\/10\/clima-446x248.jpg\" alt=\"Ser\u00e1 el hidrogeno verde la soluci\u00f3n al cambio clim\u00e1tico?\"><\/a><div class=\"article-category\"><a href=\"https:\/\/ztbergara.eus\/es\/actividades\/oferta-educativa\/\" title=\"View all posts in Oferta educativa\">Oferta educativa<\/a><\/div><\/div><div class=\"article-datetime\"><\/div><div class=\"article-info\"><div class=\"article-info-top\"><div class=\"article-data\"><i class=\"flownewsicon fa-calendar-o\"><\/i>Octubre 15, 2021<\/div><div class=\"article-separator\">|<\/div><div class=\"article-comments\"><i class=\"flownewsicon fa-comment-o\"><\/i>No Comments<\/div><div class=\"flownews-clear\"><\/div><\/div><div class=\"article-info-bottom\"><h3 class=\"article-title\"><a href=\"https:\/\/ztbergara.eus\/es\/sera-el-hidrogeno-verde-la-solucion-al-cambio-climatico\/\">Ser\u00e1 el hidrogeno verde la soluci\u00f3n al cambio clim\u00e1tico?<\/a><\/h3><div class=\"flownews-clear\"><\/div><\/div><\/div><\/article><div class=\"flownews-clear\"><\/div><article class=\"item-posts first-element-posts col-xs-4 flownews-item-load-more-type3 vc-element-post-even\"><div class=\"article-image\"><a href=\"https:\/\/ztbergara.eus\/es\/juego-de-escape\/\"><img class=\"flownews-vc-thumbs\" src=\"https:\/\/ztbergara.eus\/wp-content\/uploads\/2021\/10\/El-escape-room-446x248.jpg\" alt=\"Juego de escape\"><\/a><div class=\"article-category\"><a href=\"https:\/\/ztbergara.eus\/es\/actividades\/oferta-educativa\/\" title=\"View all posts in Oferta educativa\">Oferta educativa<\/a><\/div><\/div><div class=\"article-datetime\"><\/div><div class=\"article-info\"><div class=\"article-info-top\"><div class=\"article-data\"><i class=\"flownewsicon fa-calendar-o\"><\/i>Octubre 15, 2021<\/div><div class=\"article-separator\">|<\/div><div class=\"article-comments\"><i class=\"flownewsicon fa-comment-o\"><\/i>No Comments<\/div><div class=\"flownews-clear\"><\/div><\/div><div class=\"article-info-bottom\"><h3 class=\"article-title\"><a href=\"https:\/\/ztbergara.eus\/es\/juego-de-escape\/\">Juego de escape<\/a><\/h3><div class=\"flownews-clear\"><\/div><\/div><\/div><\/article><article class=\"item-posts first-element-posts col-xs-4 flownews-item-load-more-type3 vc-element-post-odd\"><div class=\"article-image\"><a href=\"https:\/\/ztbergara.eus\/es\/la-cocina-de-la-ciencia\/\"><img class=\"flownews-vc-thumbs\" src=\"https:\/\/ztbergara.eus\/wp-content\/uploads\/2021\/10\/quimica-446x248.jpg\" alt=\"La cocina de la ciencia\"><\/a><div class=\"article-category\"><a href=\"https:\/\/ztbergara.eus\/es\/actividades\/oferta-educativa\/\" title=\"View all posts in Oferta educativa\">Oferta educativa<\/a><\/div><\/div><div class=\"article-datetime\"><\/div><div class=\"article-info\"><div class=\"article-info-top\"><div class=\"article-data\"><i class=\"flownewsicon fa-calendar-o\"><\/i>Octubre 15, 2021<\/div><div class=\"article-separator\">|<\/div><div class=\"article-comments\"><i class=\"flownewsicon fa-comment-o\"><\/i>No Comments<\/div><div class=\"flownews-clear\"><\/div><\/div><div class=\"article-info-bottom\"><h3 class=\"article-title\"><a href=\"https:\/\/ztbergara.eus\/es\/la-cocina-de-la-ciencia\/\">La cocina de la ciencia<\/a><\/h3><div class=\"flownews-clear\"><\/div><\/div><\/div><\/article><article class=\"item-posts first-element-posts col-xs-4 flownews-item-load-more-type3 vc-element-post-even\"><div class=\"article-image\"><a href=\"https:\/\/ztbergara.eus\/es\/divulgacion-de-inventos\/\"><img class=\"flownews-vc-thumbs\" src=\"https:\/\/ztbergara.eus\/wp-content\/uploads\/2021\/10\/juanelo-toledo-439x248.jpg\" alt=\"Divulgaci\u00f3n de inventos\"><\/a><div class=\"article-category\"><a href=\"https:\/\/ztbergara.eus\/es\/actividades\/oferta-educativa\/\" title=\"View all posts in Oferta educativa\">Oferta educativa<\/a><\/div><\/div><div class=\"article-datetime\"><\/div><div class=\"article-info\"><div class=\"article-info-top\"><div class=\"article-data\"><i class=\"flownewsicon fa-calendar-o\"><\/i>Octubre 15, 2021<\/div><div class=\"article-separator\">|<\/div><div class=\"article-comments\"><i class=\"flownewsicon fa-comment-o\"><\/i>No Comments<\/div><div class=\"flownews-clear\"><\/div><\/div><div class=\"article-info-bottom\"><h3 class=\"article-title\"><a href=\"https:\/\/ztbergara.eus\/es\/divulgacion-de-inventos\/\">Divulgaci\u00f3n de inventos<\/a><\/h3><div class=\"flownews-clear\"><\/div><\/div><\/div><\/article><div class=\"flownews-clear\"><\/div><article class=\"item-posts first-element-posts col-xs-4 flownews-item-load-more-type3 vc-element-post-odd\"><div class=\"article-image\"><a href=\"https:\/\/ztbergara.eus\/es\/ecologismo-real-lo-que-la-ciencia-dice-que-puedes-hacer-para-proteger-el-planeta\/\"><img class=\"flownews-vc-thumbs\" src=\"https:\/\/ztbergara.eus\/wp-content\/uploads\/2021\/10\/ecologismo-446x248.jpg\" alt=\"Ecologismo real. Lo que la ciencia dice que puedes hacer para proteger el planeta.\"><\/a><div class=\"article-category\"><a href=\"https:\/\/ztbergara.eus\/es\/actividades\/conferencia\/\" title=\"View all posts in Conferencia\">Conferencia<\/a><a href=\"https:\/\/ztbergara.eus\/es\/actividades\/oferta-educativa\/\" title=\"View all posts in Oferta educativa\">Oferta educativa<\/a><\/div><\/div><div class=\"article-datetime\">19 de Octubre \/ Hora: 10:28<\/div><div class=\"article-info\"><div class=\"article-info-top\"><div class=\"article-data\"><i class=\"flownewsicon fa-calendar-o\"><\/i>Octubre 14, 2021<\/div><div class=\"article-separator\">|<\/div><div class=\"article-comments\"><i class=\"flownewsicon fa-comment-o\"><\/i>No Comments<\/div><div class=\"flownews-clear\"><\/div><\/div><div class=\"article-info-bottom\"><h3 class=\"article-title\"><a href=\"https:\/\/ztbergara.eus\/es\/ecologismo-real-lo-que-la-ciencia-dice-que-puedes-hacer-para-proteger-el-planeta\/\">Ecologismo real. Lo que la ciencia dice que puedes hacer para proteger el planeta.<\/a><\/h3><div class=\"flownews-clear\"><\/div><\/div><\/div><\/article><\/div><div class=\"flownews-clear\"><\/div><\/div>[vc_separator color=&#8221;white&#8221;][\/vc_column][\/vc_row][vc_row][vc_column][vc_single_image image=&#8221;6050&#8243; img_size=&#8221;full&#8221; alignment=&#8221;center&#8221; css=&#8221;.vc_custom_1634550584315{margin-top: 50px !important;}&#8221;][vc_single_image image=&#8221;6093&#8243; img_size=&#8221;full&#8221; alignment=&#8221;center&#8221; css=&#8221;.vc_custom_1634562750694{margin-top: 50px !important;}&#8221;][\/vc_column][\/vc_row]<\/p>\n","protected":false},"excerpt":{"rendered":"<p>[vc_row][vc_column][vc_text_separator title=&#8221;CURSOS &#8211; FORMACI\u00d3N &#8211; TALLERES 2021&#8243;][\/vc_column][\/vc_row][vc_row][vc_column css=&#8221;.vc_custom_1603214178361{margin-bottom: 20px !important;}&#8221;][vc_text_separator title=&#8221;OFERTA EDUCATIVA 2021&#8243;][vc_separator color=&#8221;white&#8221;][\/vc_column][\/vc_row][vc_row][vc_column][vc_single_image image=&#8221;6050&#8243; img_size=&#8221;full&#8221; alignment=&#8221;center&#8221; css=&#8221;.vc_custom_1634550584315{margin-top: 50px !important;}&#8221;][vc_single_image image=&#8221;6093&#8243; img_size=&#8221;full&#8221; alignment=&#8221;center&#8221; css=&#8221;.vc_custom_1634562750694{margin-top: 50px !important;}&#8221;][\/vc_column][\/vc_row]<\/p>\n","protected":false},"author":1,"featured_media":0,"parent":0,"menu_order":0,"comment_status":"closed","ping_status":"closed","template":"","meta":[],"aioseo_notices":[],"_links":{"self":[{"href":"https:\/\/ztbergara.eus\/es\/wp-json\/wp\/v2\/pages\/5414"}],"collection":[{"href":"https:\/\/ztbergara.eus\/es\/wp-json\/wp\/v2\/pages"}],"about":[{"href":"https:\/\/ztbergara.eus\/es\/wp-json\/wp\/v2\/types\/page"}],"author":[{"embeddable":true,"href":"https:\/\/ztbergara.eus\/es\/wp-json\/wp\/v2\/users\/1"}],"replies":[{"embeddable":true,"href":"https:\/\/ztbergara.eus\/es\/wp-json\/wp\/v2\/comments?post=5414"}],"version-history":[{"count":8,"href":"https:\/\/ztbergara.eus\/es\/wp-json\/wp\/v2\/pages\/5414\/revisions"}],"predecessor-version":[{"id":6105,"href":"https:\/\/ztbergara.eus\/es\/wp-json\/wp\/v2\/pages\/5414\/revisions\/6105"}],"wp:attachment":[{"href":"https:\/\/ztbergara.eus\/es\/wp-json\/wp\/v2\/media?parent=5414"}],"curies":[{"name":"wp","href":"https:\/\/api.w.org\/{rel}","templated":true}]}}